{"id":217,"date":"2025-07-25T00:38:18","date_gmt":"2025-07-24T22:38:18","guid":{"rendered":"https:\/\/unmaxdemagie.com\/?page_id=217"},"modified":"2025-09-11T00:54:31","modified_gmt":"2025-09-10T22:54:31","slug":"creation-sur-commande","status":"publish","type":"page","link":"https:\/\/unmaxdemagie.com\/index.php\/creation-sur-commande\/","title":{"rendered":"Cr\u00e9ation personnalis\u00e9e"},"content":{"rendered":"\n<p>Rien ne vaut un spectacle sur mesure avec des \u00e9l\u00e9ments qui rappellent les th\u00e8mes et id\u00e9es propres \u00e0 votre famille, \u00e0 votre structure &#8230;<\/p>\n\n\n\n<p>Pour ces projets particuliers, je peux vous faire un spectacle sur commande !<\/p>\n\n\n\n<p>Exemples de spectacles sur commande :<\/p>\n\n\n\n<figure class=\"wp-block-image is-resized\"><img decoding=\"async\" src=\"https:\/\/hem-loisirs.fr\/wp-content\/uploads\/2021\/09\/LOGOVILLEHEM-triangle-couleur.jpg\" alt=\"La ville de Hem\" style=\"width:238px;height:auto\"\/><\/figure>\n\n\n\n<p><strong>2024 Jumelage France &#8211; Allemagne \u00e0 <a href=\"https:\/\/www.ville-hem.fr\/\" target=\"_blank\" rel=\"noreferrer noopener\">Hem<\/a><\/strong><\/p>\n\n\n\n<figure class=\"wp-block-image is-resized\"><img decoding=\"async\" src=\"https:\/\/tracteursenweppes.fr\/wp-content\/uploads\/2022\/06\/logoTEWOrigine-scaled.jpg\" alt=\"Association tracteurs en Weppes\" style=\"width:282px;height:auto\"\/><\/figure>\n\n\n\n<p><strong>2025 <a href=\"https:\/\/tracteursenweppes.fr\/\" target=\"_blank\" rel=\"noreferrer noopener\">Tracteur en weppes<\/a><\/strong><\/p>\n\n\n\n<figure class=\"wp-block-image is-resized\"><img decoding=\"async\" src=\"https:\/\/static.leslibraires.fr\/\/logos\/website\/166\/main.webp\" alt=\"Librairie Les Lisi\u00e8res\" style=\"width:181px;height:auto\"\/><\/figure>\n\n\n\n<p><strong>2024 <\/strong><a href=\"https:\/\/www.leslisieres.com\/\" target=\"_blank\" rel=\"noreferrer noopener\"><strong>Librairie les Lisi\u00e8re<\/strong>s<\/a><\/p>\n\n\n\n<p><\/p>\n","protected":false},"excerpt":{"rendered":"<p>Rien ne vaut un spectacle sur mesure avec des \u00e9l\u00e9ments qui rappellent les th\u00e8mes et id\u00e9es propres \u00e0 votre famille, \u00e0 votre structure &#8230; Pour ces projets particuliers, je peux vous faire un spectacle sur commande ! Exemples de spectacles sur commande : 2024 Jumelage France &#8211; Allemagne \u00e0 Hem 2025 Tracteur en weppes 2024 Librairie les Lisi\u00e8res<\/p>\n","protected":false},"author":2,"featured_media":0,"parent":0,"menu_order":0,"comment_status":"closed","ping_status":"closed","template":"","meta":{"footnotes":""},"class_list":["post-217","page","type-page","status-publish","hentry"],"_links":{"self":[{"href":"https:\/\/unmaxdemagie.com\/index.php\/wp-json\/wp\/v2\/pages\/217","targetHints":{"allow":["GET"]}}],"collection":[{"href":"https:\/\/unmaxdemagie.com\/index.php\/wp-json\/wp\/v2\/pages"}],"about":[{"href":"https:\/\/unmaxdemagie.com\/index.php\/wp-json\/wp\/v2\/types\/page"}],"author":[{"embeddable":true,"href":"https:\/\/unmaxdemagie.com\/index.php\/wp-json\/wp\/v2\/users\/2"}],"replies":[{"embeddable":true,"href":"https:\/\/unmaxdemagie.com\/index.php\/wp-json\/wp\/v2\/comments?post=217"}],"version-history":[{"count":3,"href":"https:\/\/unmaxdemagie.com\/index.php\/wp-json\/wp\/v2\/pages\/217\/revisions"}],"predecessor-version":[{"id":256,"href":"https:\/\/unmaxdemagie.com\/index.php\/wp-json\/wp\/v2\/pages\/217\/revisions\/256"}],"wp:attachment":[{"href":"https:\/\/unmaxdemagie.com\/index.php\/wp-json\/wp\/v2\/media?parent=217"}],"curies":[{"name":"wp","href":"https:\/\/api.w.org\/{rel}","templated":true}]}}