{"id":62,"date":"2025-07-21T21:27:49","date_gmt":"2025-07-21T19:27:49","guid":{"rendered":"https:\/\/unmaxdemagie.com\/?page_id=62"},"modified":"2026-04-14T13:46:58","modified_gmt":"2026-04-14T11:46:58","slug":"mon-histoire","status":"publish","type":"page","link":"https:\/\/unmaxdemagie.com\/index.php\/mon-histoire\/","title":{"rendered":"Qui suis-je"},"content":{"rendered":"\n<figure class=\"wp-block-image size-large is-resized\"><img loading=\"lazy\" decoding=\"async\" width=\"1024\" height=\"461\" src=\"https:\/\/unmaxdemagie.com\/wp-content\/uploads\/2025\/07\/IMG-20220626-WA0004-1024x461.jpg\" alt=\"\" class=\"wp-image-79\" style=\"aspect-ratio:2.221297956256723;width:695px;height:auto\" srcset=\"https:\/\/unmaxdemagie.com\/wp-content\/uploads\/2025\/07\/IMG-20220626-WA0004-1024x461.jpg 1024w, https:\/\/unmaxdemagie.com\/wp-content\/uploads\/2025\/07\/IMG-20220626-WA0004-300x135.jpg 300w, https:\/\/unmaxdemagie.com\/wp-content\/uploads\/2025\/07\/IMG-20220626-WA0004-768x346.jpg 768w, https:\/\/unmaxdemagie.com\/wp-content\/uploads\/2025\/07\/IMG-20220626-WA0004-1536x692.jpg 1536w, https:\/\/unmaxdemagie.com\/wp-content\/uploads\/2025\/07\/IMG-20220626-WA0004-400x180.jpg 400w, https:\/\/unmaxdemagie.com\/wp-content\/uploads\/2025\/07\/IMG-20220626-WA0004-800x361.jpg 800w, https:\/\/unmaxdemagie.com\/wp-content\/uploads\/2025\/07\/IMG-20220626-WA0004.jpg 1600w\" sizes=\"auto, (max-width: 1024px) 100vw, 1024px\" \/><\/figure>\n\n\n\n<p><strong>2022 Classe Magique (Spectacle de magie cr\u00e9\u00e9 avec Pat et Luc, mes professeurs de magie)<\/strong><\/p>\n\n\n\n<p>Je m&rsquo;appelle Maxime Geus. J&rsquo;ai toujours \u00e9t\u00e9 attir\u00e9 par la magie depuis mes 5 ans mais j&rsquo;ai vraiment commenc\u00e9 la magie vers mes 10 ans. Mes parents m&rsquo;ont ensuite inscrit \u00e0 l&rsquo;association de magie \u00ab\u00a0<a href=\"http:\/\/www.classemagique.fr\" target=\"_blank\" rel=\"noreferrer noopener\">Classe Magique<\/a>\u00a0\u00bb de Mouvaux o\u00f9 l&rsquo;on m&rsquo;a appris toutes les bases de la magie (cartes, pi\u00e8ces, cordes&#8230;) et aux cours du \u00ab\u00a0<a href=\"http:\/\/www.theatre-aventure.fr\" target=\"_blank\" rel=\"noreferrer noopener\">Th\u00e9\u00e2tre de l&rsquo;aventure<\/a>\u00a0\u00bb de Hem o\u00f9 j&rsquo;ai appris les bases du th\u00e9\u00e2tre (la voix, les placements, la com\u00e9die&#8230;)<\/p>\n\n\n\n<figure class=\"wp-block-image size-large\"><img loading=\"lazy\" decoding=\"async\" width=\"1024\" height=\"683\" src=\"https:\/\/unmaxdemagie.com\/wp-content\/uploads\/2025\/07\/HTT-Victoire-2b-1-1024x683.jpg\" alt=\"\" class=\"wp-image-81\" srcset=\"https:\/\/unmaxdemagie.com\/wp-content\/uploads\/2025\/07\/HTT-Victoire-2b-1-1024x683.jpg 1024w, https:\/\/unmaxdemagie.com\/wp-content\/uploads\/2025\/07\/HTT-Victoire-2b-1-300x200.jpg 300w, https:\/\/unmaxdemagie.com\/wp-content\/uploads\/2025\/07\/HTT-Victoire-2b-1-768x512.jpg 768w, https:\/\/unmaxdemagie.com\/wp-content\/uploads\/2025\/07\/HTT-Victoire-2b-1-1536x1024.jpg 1536w, https:\/\/unmaxdemagie.com\/wp-content\/uploads\/2025\/07\/HTT-Victoire-2b-1-1870x1246.jpg 1870w, https:\/\/unmaxdemagie.com\/wp-content\/uploads\/2025\/07\/HTT-Victoire-2b-1-400x267.jpg 400w, https:\/\/unmaxdemagie.com\/wp-content\/uploads\/2025\/07\/HTT-Victoire-2b-1-800x533.jpg 800w, https:\/\/unmaxdemagie.com\/wp-content\/uploads\/2025\/07\/HTT-Victoire-2b-1.jpg 2048w\" sizes=\"auto, (max-width: 1024px) 100vw, 1024px\" \/><\/figure>\n\n\n\n<p>En 2023, le Conseil Jeunesse de la ville de Hem a cr\u00e9\u00e9 un concours de talents ouvert \u00e0 tous \u00ab\u00a0Hem ton talent\u00a0\u00bb. J&rsquo;ai particip\u00e9 \u00e0 la s\u00e9lection et je suis all\u00e9 en finale. Pour gagner, il fallait pr\u00e9senter 2 num\u00e9ros le m\u00eame soir. Entre les deux num\u00e9ros, j&rsquo;ai failli abandonner \u00e0 cause du stress, mais le jury m&rsquo;a heureusement convaincu de croire en moi : j&rsquo;ai fait mon deuxi\u00e8me passage et j&rsquo;ai gagn\u00e9 ! Gr\u00e2ce \u00e0 ce projet, j&rsquo;ai pu acheter du mat\u00e9riel pour ma passion.<\/p>\n\n\n\n<p>Merci encore \u00e0 eux !<\/p>\n\n\n\n<p>Et de l\u00e0, j&rsquo;ai commenc\u00e9 \u00e0 faire de plus en plus de spectacles &#8230;<\/p>\n\n\n\n<figure class=\"wp-block-image size-large\"><img loading=\"lazy\" decoding=\"async\" width=\"1024\" height=\"683\" src=\"https:\/\/unmaxdemagie.com\/wp-content\/uploads\/2025\/07\/Voeux-2024-2-1024x683.jpg\" alt=\"\" class=\"wp-image-84\" srcset=\"https:\/\/unmaxdemagie.com\/wp-content\/uploads\/2025\/07\/Voeux-2024-2-1024x683.jpg 1024w, https:\/\/unmaxdemagie.com\/wp-content\/uploads\/2025\/07\/Voeux-2024-2-300x200.jpg 300w, https:\/\/unmaxdemagie.com\/wp-content\/uploads\/2025\/07\/Voeux-2024-2-768x512.jpg 768w, https:\/\/unmaxdemagie.com\/wp-content\/uploads\/2025\/07\/Voeux-2024-2-1536x1024.jpg 1536w, https:\/\/unmaxdemagie.com\/wp-content\/uploads\/2025\/07\/Voeux-2024-2-1870x1246.jpg 1870w, https:\/\/unmaxdemagie.com\/wp-content\/uploads\/2025\/07\/Voeux-2024-2-400x267.jpg 400w, https:\/\/unmaxdemagie.com\/wp-content\/uploads\/2025\/07\/Voeux-2024-2-800x533.jpg 800w, https:\/\/unmaxdemagie.com\/wp-content\/uploads\/2025\/07\/Voeux-2024-2.jpg 2048w\" sizes=\"auto, (max-width: 1024px) 100vw, 1024px\" \/><\/figure>\n\n\n\n<p><strong>2024 Tour de multiplication de bouteilles (le m\u00eame qu&rsquo;\u00e0 Classe Magique mais avec une histoire diff\u00e9rente)<\/strong> <strong>pour les voeux du Maire \u00e0 la salle du <a href=\"http:\/\/zephyrhem.fr\" target=\"_blank\" rel=\"noreferrer noopener\">Z\u00e9phyr<\/a> \u00e0 Hem<\/strong>.<\/p>\n\n\n\n<figure class=\"wp-block-image size-large\"><img loading=\"lazy\" decoding=\"async\" width=\"1024\" height=\"683\" src=\"https:\/\/unmaxdemagie.com\/wp-content\/uploads\/2025\/07\/Voeux-2024-1024x683.jpg\" alt=\"\" class=\"wp-image-87\" srcset=\"https:\/\/unmaxdemagie.com\/wp-content\/uploads\/2025\/07\/Voeux-2024-1024x683.jpg 1024w, https:\/\/unmaxdemagie.com\/wp-content\/uploads\/2025\/07\/Voeux-2024-300x200.jpg 300w, https:\/\/unmaxdemagie.com\/wp-content\/uploads\/2025\/07\/Voeux-2024-768x512.jpg 768w, https:\/\/unmaxdemagie.com\/wp-content\/uploads\/2025\/07\/Voeux-2024-1536x1024.jpg 1536w, https:\/\/unmaxdemagie.com\/wp-content\/uploads\/2025\/07\/Voeux-2024-1870x1246.jpg 1870w, https:\/\/unmaxdemagie.com\/wp-content\/uploads\/2025\/07\/Voeux-2024-400x267.jpg 400w, https:\/\/unmaxdemagie.com\/wp-content\/uploads\/2025\/07\/Voeux-2024-800x533.jpg 800w, https:\/\/unmaxdemagie.com\/wp-content\/uploads\/2025\/07\/Voeux-2024.jpg 2048w\" sizes=\"auto, (max-width: 1024px) 100vw, 1024px\" \/><\/figure>\n\n\n\n<p>Apr\u00e8s j&rsquo;ai rencontr\u00e9 deux formidables partenaires avec qui j&rsquo;ai fait plusieurs spectacles (Samuel, puis Louison) !<\/p>\n\n\n\n<figure class=\"wp-block-image size-large\"><img loading=\"lazy\" decoding=\"async\" width=\"1024\" height=\"460\" src=\"https:\/\/unmaxdemagie.com\/wp-content\/uploads\/2025\/07\/IMG_20240622_221517-1024x460.jpg\" alt=\"\" class=\"wp-image-88\" srcset=\"https:\/\/unmaxdemagie.com\/wp-content\/uploads\/2025\/07\/IMG_20240622_221517-1024x460.jpg 1024w, https:\/\/unmaxdemagie.com\/wp-content\/uploads\/2025\/07\/IMG_20240622_221517-300x135.jpg 300w, https:\/\/unmaxdemagie.com\/wp-content\/uploads\/2025\/07\/IMG_20240622_221517-768x345.jpg 768w, https:\/\/unmaxdemagie.com\/wp-content\/uploads\/2025\/07\/IMG_20240622_221517-1536x690.jpg 1536w, https:\/\/unmaxdemagie.com\/wp-content\/uploads\/2025\/07\/IMG_20240622_221517-2048x920.jpg 2048w, https:\/\/unmaxdemagie.com\/wp-content\/uploads\/2025\/07\/IMG_20240622_221517-1870x840.jpg 1870w, https:\/\/unmaxdemagie.com\/wp-content\/uploads\/2025\/07\/IMG_20240622_221517-400x180.jpg 400w, https:\/\/unmaxdemagie.com\/wp-content\/uploads\/2025\/07\/IMG_20240622_221517-800x359.jpg 800w\" sizes=\"auto, (max-width: 1024px) 100vw, 1024px\" \/><\/figure>\n\n\n\n<figure class=\"wp-block-image size-large\"><img loading=\"lazy\" decoding=\"async\" width=\"1024\" height=\"683\" src=\"https:\/\/unmaxdemagie.com\/wp-content\/uploads\/2025\/07\/Z63_0864-1024x683.jpg\" alt=\"\" class=\"wp-image-89\" srcset=\"https:\/\/unmaxdemagie.com\/wp-content\/uploads\/2025\/07\/Z63_0864-1024x683.jpg 1024w, https:\/\/unmaxdemagie.com\/wp-content\/uploads\/2025\/07\/Z63_0864-300x200.jpg 300w, https:\/\/unmaxdemagie.com\/wp-content\/uploads\/2025\/07\/Z63_0864-768x512.jpg 768w, https:\/\/unmaxdemagie.com\/wp-content\/uploads\/2025\/07\/Z63_0864-1536x1024.jpg 1536w, https:\/\/unmaxdemagie.com\/wp-content\/uploads\/2025\/07\/Z63_0864-2048x1365.jpg 2048w, https:\/\/unmaxdemagie.com\/wp-content\/uploads\/2025\/07\/Z63_0864-1870x1247.jpg 1870w, https:\/\/unmaxdemagie.com\/wp-content\/uploads\/2025\/07\/Z63_0864-400x267.jpg 400w, https:\/\/unmaxdemagie.com\/wp-content\/uploads\/2025\/07\/Z63_0864-800x533.jpg 800w\" sizes=\"auto, (max-width: 1024px) 100vw, 1024px\" \/><\/figure>\n\n\n\n<figure class=\"wp-block-image size-large\"><img loading=\"lazy\" decoding=\"async\" width=\"1024\" height=\"683\" src=\"https:\/\/unmaxdemagie.com\/wp-content\/uploads\/2025\/07\/Z63_1173-1024x683.jpg\" alt=\"\" class=\"wp-image-90\" srcset=\"https:\/\/unmaxdemagie.com\/wp-content\/uploads\/2025\/07\/Z63_1173-1024x683.jpg 1024w, https:\/\/unmaxdemagie.com\/wp-content\/uploads\/2025\/07\/Z63_1173-300x200.jpg 300w, https:\/\/unmaxdemagie.com\/wp-content\/uploads\/2025\/07\/Z63_1173-768x512.jpg 768w, https:\/\/unmaxdemagie.com\/wp-content\/uploads\/2025\/07\/Z63_1173-1536x1024.jpg 1536w, https:\/\/unmaxdemagie.com\/wp-content\/uploads\/2025\/07\/Z63_1173-2048x1366.jpg 2048w, https:\/\/unmaxdemagie.com\/wp-content\/uploads\/2025\/07\/Z63_1173-1870x1247.jpg 1870w, https:\/\/unmaxdemagie.com\/wp-content\/uploads\/2025\/07\/Z63_1173-400x267.jpg 400w, https:\/\/unmaxdemagie.com\/wp-content\/uploads\/2025\/07\/Z63_1173-800x533.jpg 800w\" sizes=\"auto, (max-width: 1024px) 100vw, 1024px\" \/><\/figure>\n\n\n\n<p>Je suis aussi entr\u00e9 dans le N.M.C (<a href=\"http:\/\/www.nordmagicclub.com\" target=\"_blank\" rel=\"noreferrer noopener\">Nord Magic Club<\/a>) qui est un club de magie o\u00f9 on se rencontre entre magiciens, o\u00f9 on se donne des conseils et o\u00f9 on partage nos inventions et d\u00e9couvert<\/p>\n\n\n\n<p>Un super r\u00e9gisseur pour lumi\u00e8re et musique (Henri) a aussi rejoint cette aventure en m&rsquo;aidant pour quelques spectacles.<\/p>\n\n\n\n<figure class=\"wp-block-image size-large is-resized\"><img loading=\"lazy\" decoding=\"async\" width=\"1024\" height=\"768\" src=\"https:\/\/unmaxdemagie.com\/wp-content\/uploads\/2026\/04\/image-1024x768.png\" alt=\"\" class=\"wp-image-375\" style=\"aspect-ratio:1.3333447029128862;width:1005px;height:auto\" srcset=\"https:\/\/unmaxdemagie.com\/wp-content\/uploads\/2026\/04\/image-1024x768.png 1024w, https:\/\/unmaxdemagie.com\/wp-content\/uploads\/2026\/04\/image-300x225.png 300w, https:\/\/unmaxdemagie.com\/wp-content\/uploads\/2026\/04\/image-768x576.png 768w, https:\/\/unmaxdemagie.com\/wp-content\/uploads\/2026\/04\/image-1536x1152.png 1536w, https:\/\/unmaxdemagie.com\/wp-content\/uploads\/2026\/04\/image-80x60.png 80w, https:\/\/unmaxdemagie.com\/wp-content\/uploads\/2026\/04\/image.png 2000w\" sizes=\"auto, (max-width: 1024px) 100vw, 1024px\" \/><\/figure>\n\n\n\n<p>J&rsquo;ai aussi un papa qui m&rsquo;aide beaucoup pour les d\u00e9cors, pour l&rsquo;\u00e9criture des spectacles, une maman qui pr\u00e9pare des costumes, m\u00eame pour le quick change (changement de costume rapide) et une soeur super patiente qui regarde des tours de magie et des r\u00e9p\u00e9titions de spectacles tous les jours !<\/p>\n\n\n\n<p>Merci \u00e0 eux !<\/p>\n\n\n\n<p>Et un jour me vient une id\u00e9e, faire un grand spectacle (30 min) de magie et th\u00e9\u00e2tre \u00ab\u00a0Ceux qui vont sauver le monde\u00a0\u00bb  avec mon meilleurs amis d&rsquo;enfance \u00ab\u00a0Anatole\u00a0\u00bb<\/p>\n\n\n\n<p>Et apr\u00e8s 1 an de travail&#8230; le projet est abouti, une des meilleurs exp\u00e9rience de ma vie !<\/p>\n\n\n\n<figure class=\"wp-block-image size-large is-resized\"><img loading=\"lazy\" decoding=\"async\" width=\"724\" height=\"1024\" src=\"https:\/\/unmaxdemagie.com\/wp-content\/uploads\/2026\/04\/CEUX-QUI-VONT-SAUVER-LE-MONDE-5-1-724x1024.png\" alt=\"\" class=\"wp-image-379\" style=\"width:621px;height:auto\" srcset=\"https:\/\/unmaxdemagie.com\/wp-content\/uploads\/2026\/04\/CEUX-QUI-VONT-SAUVER-LE-MONDE-5-1-724x1024.png 724w, https:\/\/unmaxdemagie.com\/wp-content\/uploads\/2026\/04\/CEUX-QUI-VONT-SAUVER-LE-MONDE-5-1-212x300.png 212w, https:\/\/unmaxdemagie.com\/wp-content\/uploads\/2026\/04\/CEUX-QUI-VONT-SAUVER-LE-MONDE-5-1-768x1086.png 768w, https:\/\/unmaxdemagie.com\/wp-content\/uploads\/2026\/04\/CEUX-QUI-VONT-SAUVER-LE-MONDE-5-1-1086x1536.png 1086w, https:\/\/unmaxdemagie.com\/wp-content\/uploads\/2026\/04\/CEUX-QUI-VONT-SAUVER-LE-MONDE-5-1-1448x2048.png 1448w, https:\/\/unmaxdemagie.com\/wp-content\/uploads\/2026\/04\/CEUX-QUI-VONT-SAUVER-LE-MONDE-5-1.png 1587w\" sizes=\"auto, (max-width: 724px) 100vw, 724px\" \/><\/figure>\n\n\n\n<figure class=\"wp-block-image size-large\"><img loading=\"lazy\" decoding=\"async\" width=\"1024\" height=\"682\" src=\"https:\/\/unmaxdemagie.com\/wp-content\/uploads\/2026\/04\/image-2-1024x682.png\" alt=\"\" class=\"wp-image-380\" srcset=\"https:\/\/unmaxdemagie.com\/wp-content\/uploads\/2026\/04\/image-2-1024x682.png 1024w, https:\/\/unmaxdemagie.com\/wp-content\/uploads\/2026\/04\/image-2-300x200.png 300w, https:\/\/unmaxdemagie.com\/wp-content\/uploads\/2026\/04\/image-2-768x512.png 768w, https:\/\/unmaxdemagie.com\/wp-content\/uploads\/2026\/04\/image-2-1536x1023.png 1536w, https:\/\/unmaxdemagie.com\/wp-content\/uploads\/2026\/04\/image-2.png 1600w\" sizes=\"auto, (max-width: 1024px) 100vw, 1024px\" \/><\/figure>\n\n\n\n<figure class=\"wp-block-image size-large is-resized\"><img loading=\"lazy\" decoding=\"async\" width=\"1024\" height=\"682\" src=\"https:\/\/unmaxdemagie.com\/wp-content\/uploads\/2026\/04\/image-3-1024x682.png\" alt=\"\" class=\"wp-image-381\" style=\"aspect-ratio:1.5009380863039399;width:1040px;height:auto\" srcset=\"https:\/\/unmaxdemagie.com\/wp-content\/uploads\/2026\/04\/image-3-1024x682.png 1024w, https:\/\/unmaxdemagie.com\/wp-content\/uploads\/2026\/04\/image-3-300x200.png 300w, https:\/\/unmaxdemagie.com\/wp-content\/uploads\/2026\/04\/image-3-768x512.png 768w, https:\/\/unmaxdemagie.com\/wp-content\/uploads\/2026\/04\/image-3-1536x1023.png 1536w, https:\/\/unmaxdemagie.com\/wp-content\/uploads\/2026\/04\/image-3.png 1600w\" sizes=\"auto, (max-width: 1024px) 100vw, 1024px\" \/><\/figure>\n\n\n\n<p>Avec Henri \u00e0 la r\u00e9gie !<\/p>\n\n\n\n<figure class=\"wp-block-image size-large is-resized\"><img loading=\"lazy\" decoding=\"async\" width=\"1024\" height=\"682\" src=\"https:\/\/unmaxdemagie.com\/wp-content\/uploads\/2026\/04\/image-4-1024x682.png\" alt=\"\" class=\"wp-image-382\" style=\"aspect-ratio:1.500958685692373;width:1046px;height:auto\" srcset=\"https:\/\/unmaxdemagie.com\/wp-content\/uploads\/2026\/04\/image-4-1024x682.png 1024w, https:\/\/unmaxdemagie.com\/wp-content\/uploads\/2026\/04\/image-4-300x200.png 300w, https:\/\/unmaxdemagie.com\/wp-content\/uploads\/2026\/04\/image-4-768x512.png 768w, https:\/\/unmaxdemagie.com\/wp-content\/uploads\/2026\/04\/image-4-1536x1023.png 1536w, https:\/\/unmaxdemagie.com\/wp-content\/uploads\/2026\/04\/image-4.png 1600w\" sizes=\"auto, (max-width: 1024px) 100vw, 1024px\" \/><\/figure>\n\n\n\n<p><strong>Plus d&rsquo;info sur le spectacle <a href=\"https:\/\/unmaxdemagie.com\/index.php\/2025\/10\/02\/ceux-qui-vont-sauver-le-monde\/\">\u00ab\u00a0Ceux qui vont sauver le monde\u00a0\u00bb<\/a> <\/strong><\/p>\n\n\n\n<p>Et pour l&rsquo;instant, les spectacles continuent et j&rsquo;apprends tout le temps de nouvelles choses gr\u00e2ce \u00e0 Classe Magique, au Nord Magic Club, au Th\u00e9\u00e2tre de l&rsquo;Aventure et \u00e0 mes recherches constantes &#8230;<\/p>\n\n\n\n<figure class=\"wp-block-image size-large\"><img loading=\"lazy\" decoding=\"async\" width=\"1024\" height=\"683\" src=\"https:\/\/unmaxdemagie.com\/wp-content\/uploads\/2025\/07\/Z63_1195-1-1024x683.jpg\" alt=\"\" class=\"wp-image-92\" srcset=\"https:\/\/unmaxdemagie.com\/wp-content\/uploads\/2025\/07\/Z63_1195-1-1024x683.jpg 1024w, https:\/\/unmaxdemagie.com\/wp-content\/uploads\/2025\/07\/Z63_1195-1-300x200.jpg 300w, https:\/\/unmaxdemagie.com\/wp-content\/uploads\/2025\/07\/Z63_1195-1-768x512.jpg 768w, https:\/\/unmaxdemagie.com\/wp-content\/uploads\/2025\/07\/Z63_1195-1-1536x1024.jpg 1536w, https:\/\/unmaxdemagie.com\/wp-content\/uploads\/2025\/07\/Z63_1195-1-2048x1365.jpg 2048w, https:\/\/unmaxdemagie.com\/wp-content\/uploads\/2025\/07\/Z63_1195-1-1870x1247.jpg 1870w, https:\/\/unmaxdemagie.com\/wp-content\/uploads\/2025\/07\/Z63_1195-1-400x267.jpg 400w, https:\/\/unmaxdemagie.com\/wp-content\/uploads\/2025\/07\/Z63_1195-1-800x533.jpg 800w\" sizes=\"auto, (max-width: 1024px) 100vw, 1024px\" \/><\/figure>\n\n\n\n<p><\/p>\n\n\n\n<figure class=\"wp-block-image size-full\"><img loading=\"lazy\" decoding=\"async\" width=\"512\" height=\"512\" src=\"http:\/\/unmaxdemagie.com\/wp-content\/uploads\/2025\/07\/cropped-cropped-517599793_122143983146800939_2681063376012889834_n.jpg\" alt=\"\" class=\"wp-image-22\" srcset=\"https:\/\/unmaxdemagie.com\/wp-content\/uploads\/2025\/07\/cropped-cropped-517599793_122143983146800939_2681063376012889834_n.jpg 512w, https:\/\/unmaxdemagie.com\/wp-content\/uploads\/2025\/07\/cropped-cropped-517599793_122143983146800939_2681063376012889834_n-300x300.jpg 300w, https:\/\/unmaxdemagie.com\/wp-content\/uploads\/2025\/07\/cropped-cropped-517599793_122143983146800939_2681063376012889834_n-150x150.jpg 150w, https:\/\/unmaxdemagie.com\/wp-content\/uploads\/2025\/07\/cropped-cropped-517599793_122143983146800939_2681063376012889834_n-400x400.jpg 400w\" sizes=\"auto, (max-width: 512px) 100vw, 512px\" \/><\/figure>\n\n\n\n<p><\/p>\n\n\n\n<figure class=\"wp-block-image size-large\"><img loading=\"lazy\" decoding=\"async\" width=\"1024\" height=\"684\" src=\"https:\/\/unmaxdemagie.com\/wp-content\/uploads\/2025\/07\/FACAS-250524-0037-1024x684.jpg\" alt=\"\" class=\"wp-image-96\" srcset=\"https:\/\/unmaxdemagie.com\/wp-content\/uploads\/2025\/07\/FACAS-250524-0037-1024x684.jpg 1024w, https:\/\/unmaxdemagie.com\/wp-content\/uploads\/2025\/07\/FACAS-250524-0037-300x200.jpg 300w, https:\/\/unmaxdemagie.com\/wp-content\/uploads\/2025\/07\/FACAS-250524-0037-768x513.jpg 768w, https:\/\/unmaxdemagie.com\/wp-content\/uploads\/2025\/07\/FACAS-250524-0037-1536x1026.jpg 1536w, https:\/\/unmaxdemagie.com\/wp-content\/uploads\/2025\/07\/FACAS-250524-0037-400x267.jpg 400w, https:\/\/unmaxdemagie.com\/wp-content\/uploads\/2025\/07\/FACAS-250524-0037-800x535.jpg 800w, https:\/\/unmaxdemagie.com\/wp-content\/uploads\/2025\/07\/FACAS-250524-0037.jpg 1772w\" sizes=\"auto, (max-width: 1024px) 100vw, 1024px\" \/><\/figure>\n\n\n\n<p><\/p>\n\n\n\n<figure class=\"wp-block-image size-large\"><img loading=\"lazy\" decoding=\"async\" width=\"1024\" height=\"683\" src=\"https:\/\/unmaxdemagie.com\/wp-content\/uploads\/2025\/08\/Z63_0887-1024x683.jpg\" alt=\"\" class=\"wp-image-234\" srcset=\"https:\/\/unmaxdemagie.com\/wp-content\/uploads\/2025\/08\/Z63_0887-1024x683.jpg 1024w, https:\/\/unmaxdemagie.com\/wp-content\/uploads\/2025\/08\/Z63_0887-300x200.jpg 300w, https:\/\/unmaxdemagie.com\/wp-content\/uploads\/2025\/08\/Z63_0887-768x512.jpg 768w, https:\/\/unmaxdemagie.com\/wp-content\/uploads\/2025\/08\/Z63_0887-1536x1024.jpg 1536w, https:\/\/unmaxdemagie.com\/wp-content\/uploads\/2025\/08\/Z63_0887-2048x1365.jpg 2048w, https:\/\/unmaxdemagie.com\/wp-content\/uploads\/2025\/08\/Z63_0887-1870x1247.jpg 1870w, https:\/\/unmaxdemagie.com\/wp-content\/uploads\/2025\/08\/Z63_0887-400x267.jpg 400w, https:\/\/unmaxdemagie.com\/wp-content\/uploads\/2025\/08\/Z63_0887-800x533.jpg 800w\" sizes=\"auto, (max-width: 1024px) 100vw, 1024px\" \/><\/figure>\n","protected":false},"excerpt":{"rendered":"<p>2022 Classe Magique (Spectacle de magie cr\u00e9\u00e9 avec Pat et Luc, mes professeurs de magie) Je m&rsquo;appelle Maxime Geus. J&rsquo;ai toujours \u00e9t\u00e9 attir\u00e9 par la magie depuis mes 5 ans mais j&rsquo;ai vraiment commenc\u00e9 la magie vers mes 10 ans. Mes parents m&rsquo;ont ensuite inscrit \u00e0 l&rsquo;association de magie \u00ab\u00a0Classe Magique\u00a0\u00bb de Mouvaux o\u00f9 l&rsquo;on m&rsquo;a appris toutes les bases [&hellip;]<\/p>\n","protected":false},"author":2,"featured_media":0,"parent":0,"menu_order":0,"comment_status":"closed","ping_status":"closed","template":"","meta":{"footnotes":""},"class_list":["post-62","page","type-page","status-publish","hentry"],"_links":{"self":[{"href":"https:\/\/unmaxdemagie.com\/index.php\/wp-json\/wp\/v2\/pages\/62","targetHints":{"allow":["GET"]}}],"collection":[{"href":"https:\/\/unmaxdemagie.com\/index.php\/wp-json\/wp\/v2\/pages"}],"about":[{"href":"https:\/\/unmaxdemagie.com\/index.php\/wp-json\/wp\/v2\/types\/page"}],"author":[{"embeddable":true,"href":"https:\/\/unmaxdemagie.com\/index.php\/wp-json\/wp\/v2\/users\/2"}],"replies":[{"embeddable":true,"href":"https:\/\/unmaxdemagie.com\/index.php\/wp-json\/wp\/v2\/comments?post=62"}],"version-history":[{"count":25,"href":"https:\/\/unmaxdemagie.com\/index.php\/wp-json\/wp\/v2\/pages\/62\/revisions"}],"predecessor-version":[{"id":388,"href":"https:\/\/unmaxdemagie.com\/index.php\/wp-json\/wp\/v2\/pages\/62\/revisions\/388"}],"wp:attachment":[{"href":"https:\/\/unmaxdemagie.com\/index.php\/wp-json\/wp\/v2\/media?parent=62"}],"curies":[{"name":"wp","href":"https:\/\/api.w.org\/{rel}","templated":true}]}}